{"id":32,"date":"2025-06-25T20:12:19","date_gmt":"2025-06-25T18:12:19","guid":{"rendered":"http:\/\/psiortret.pl\/index.php\/produkt\/cyfrowy-portret-psa-styl-graficzny\/"},"modified":"2025-06-25T20:12:19","modified_gmt":"2025-06-25T18:12:19","slug":"cyfrowy-portret-psa-styl-graficzny","status":"publish","type":"product","link":"https:\/\/psiortret.pl\/index.php\/produkt\/cyfrowy-portret-psa-styl-graficzny\/","title":{"rendered":"Cyfrowy portret psa &#8211; Styl graficzny"},"content":{"rendered":"<p>Nowoczesny portret psa w stylu graficznym, idealny dla mi\u0142o\u015bnik\u00f3w designu.<\/p>\n","protected":false},"excerpt":{"rendered":"<p>Nowoczesny portret psa w stylu graficznym, idealny dla mi\u0142o\u015bnik\u00f3w designu.<\/p>\n","protected":false},"featured_media":0,"comment_status":"open","ping_status":"closed","template":"","meta":[],"product_brand":[],"product_cat":[20],"product_tag":[],"class_list":{"0":"post-32","1":"product","2":"type-product","3":"status-publish","5":"product_cat-portrety-psow","7":"first","8":"instock","9":"shipping-taxable","10":"purchasable","11":"product-type-simple"},"aioseo_notices":[],"_links":{"self":[{"href":"https:\/\/psiortret.pl\/index.php\/wp-json\/wp\/v2\/product\/32","targetHints":{"allow":["GET"]}}],"collection":[{"href":"https:\/\/psiortret.pl\/index.php\/wp-json\/wp\/v2\/product"}],"about":[{"href":"https:\/\/psiortret.pl\/index.php\/wp-json\/wp\/v2\/types\/product"}],"replies":[{"embeddable":true,"href":"https:\/\/psiortret.pl\/index.php\/wp-json\/wp\/v2\/comments?post=32"}],"wp:attachment":[{"href":"https:\/\/psiortret.pl\/index.php\/wp-json\/wp\/v2\/media?parent=32"}],"wp:term":[{"taxonomy":"product_brand","embeddable":true,"href":"https:\/\/psiortret.pl\/index.php\/wp-json\/wp\/v2\/product_brand?post=32"},{"taxonomy":"product_cat","embeddable":true,"href":"https:\/\/psiortret.pl\/index.php\/wp-json\/wp\/v2\/product_cat?post=32"},{"taxonomy":"product_tag","embeddable":true,"href":"https:\/\/psiortret.pl\/index.php\/wp-json\/wp\/v2\/product_tag?post=32"}],"curies":[{"name":"wp","href":"https:\/\/api.w.org\/{rel}","templated":true}]}}